{"id":110,"date":"2023-09-22T19:57:24","date_gmt":"2023-09-22T19:57:24","guid":{"rendered":"https:\/\/social.ilweb.com.br\/?page_id=110"},"modified":"2023-09-26T19:50:14","modified_gmt":"2023-09-26T19:50:14","slug":"home","status":"publish","type":"page","link":"https:\/\/social.ilweb.com.br\/","title":{"rendered":"Home"},"content":{"rendered":"<style>\/*! elementor - v3.16.0 - 20-09-2023 *\/\n.elementor-heading-title{padding:0;margin:0;line-height:1}.elementor-widget-heading .elementor-heading-title[class*=elementor-size-]>a{color:inherit;font-size:inherit;line-height:inherit}.elementor-widget-heading .elementor-heading-title.elementor-size-small{font-size:15px}.elementor-widget-heading .elementor-heading-title.elementor-size-medium{font-size:19px}.elementor-widget-heading .elementor-heading-title.elementor-size-large{font-size:29px}.elementor-widget-heading .elementor-heading-title.elementor-size-xl{font-size:39px}.elementor-widget-heading .elementor-heading-title.elementor-size-xxl{font-size:59px}<\/style>\n<h2>IMPULSIONAndo SUAS REDES SOCIAIS<\/h2>\n<style>\/*! elementor - v3.16.0 - 20-09-2023 *\/\n.elementor-widget-image-box .elementor-image-box-content{width:100%}@media (min-width:768px){.elementor-widget-image-box.elementor-position-left .elementor-image-box-wrapper,.elementor-widget-image-box.elementor-position-right .elementor-image-box-wrapper{display:flex}.elementor-widget-image-box.elementor-position-right .elementor-image-box-wrapper{text-align:right;flex-direction:row-reverse}.elementor-widget-image-box.elementor-position-left .elementor-image-box-wrapper{text-align:left;flex-direction:row}.elementor-widget-image-box.elementor-position-top .elementor-image-box-img{margin:auto}.elementor-widget-image-box.elementor-vertical-align-top .elementor-image-box-wrapper{align-items:flex-start}.elementor-widget-image-box.elementor-vertical-align-middle .elementor-image-box-wrapper{align-items:center}.elementor-widget-image-box.elementor-vertical-align-bottom .elementor-image-box-wrapper{align-items:flex-end}}@media (max-width:767px){.elementor-widget-image-box .elementor-image-box-img{margin-left:auto!important;margin-right:auto!important;margin-bottom:15px}}.elementor-widget-image-box .elementor-image-box-img{display:inline-block}.elementor-widget-image-box .elementor-image-box-title a{color:inherit}.elementor-widget-image-box .elementor-image-box-wrapper{text-align:center}.elementor-widget-image-box .elementor-image-box-description{margin:0}<\/style>\n<figure><img decoding=\"async\" width=\"150\" height=\"150\" src=\"http:\/\/social.ilweb.com.br\/wp-content\/uploads\/2023\/09\/INSTAGRAM-150x150.png\" alt=\"\" loading=\"lazy\" \/><\/figure>\n<h3>INSTAGRAM<\/h3>\n<p><img decoding=\"async\" draggable=\"false\" role=\"img\" alt=\"\ud83d\udc4d\" src=\"https:\/\/s.w.org\/images\/core\/emoji\/14.0.0\/svg\/1f44d.svg\"> <b>CURTIDAS<\/b><br \/>\n<img decoding=\"async\" draggable=\"false\" role=\"img\" alt=\"\ud83d\udc4d\" src=\"https:\/\/s.w.org\/images\/core\/emoji\/14.0.0\/svg\/1f44d.svg\"> <b>SEGUIDORES<\/b><br \/>\n<img decoding=\"async\" draggable=\"false\" role=\"img\" alt=\"\ud83d\udc4d\" src=\"https:\/\/s.w.org\/images\/core\/emoji\/14.0.0\/svg\/1f44d.svg\"> <b>COMENT\u00c1RIOS<\/b><br \/>\n<img decoding=\"async\" draggable=\"false\" role=\"img\" alt=\"\ud83d\udc4d\" src=\"https:\/\/s.w.org\/images\/core\/emoji\/14.0.0\/svg\/1f44d.svg\"> <b>VISUALIZA\u00c7\u00d5ES<\/b><\/p>\n<figure><img decoding=\"async\" width=\"150\" height=\"150\" src=\"http:\/\/social.ilweb.com.br\/wp-content\/uploads\/2023\/09\/FACEBOOK-150x150.png\" alt=\"\" loading=\"lazy\" \/><\/figure>\n<h4>FACEBOOK<\/h4>\n<p>Duis aute irure dolor in reprehenderit in voluptate velit<\/p>\n<figure><img decoding=\"async\" width=\"150\" height=\"150\" src=\"http:\/\/social.ilweb.com.br\/wp-content\/uploads\/2023\/09\/YOUTUBE-150x150.png\" alt=\"\" loading=\"lazy\" \/><\/figure>\n<h4>YOUTUBE<\/h4>\n<p>Duis aute irure dolor in reprehenderit in voluptate velit<\/p>\n<figure><img decoding=\"async\" width=\"150\" height=\"150\" src=\"http:\/\/social.ilweb.com.br\/wp-content\/uploads\/2023\/09\/TIK-TOK-150x150.jpg\" alt=\"\" loading=\"lazy\" \/><\/figure>\n<h4>TIK TOK<\/h4>\n<p>Duis aute irure dolor in reprehenderit in voluptate velit<\/p>\n<h2>instagram<\/h2>\n<style>\/*! elementor - v3.16.0 - 20-09-2023 *\/\n.elementor-column .elementor-spacer-inner{height:var(--spacer-size)}.e-con{--container-widget-width:100%}.e-con-inner>.elementor-widget-spacer,.e-con>.elementor-widget-spacer{width:var(--container-widget-width,var(--spacer-size));--align-self:var(--container-widget-align-self,initial);--flex-shrink:0}.e-con-inner>.elementor-widget-spacer>.elementor-widget-container,.e-con>.elementor-widget-spacer>.elementor-widget-container{height:100%;width:100%}.e-con-inner>.elementor-widget-spacer>.elementor-widget-container>.elementor-spacer,.e-con>.elementor-widget-spacer>.elementor-widget-container>.elementor-spacer{height:100%}.e-con-inner>.elementor-widget-spacer>.elementor-widget-container>.elementor-spacer>.elementor-spacer-inner,.e-con>.elementor-widget-spacer>.elementor-widget-container>.elementor-spacer>.elementor-spacer-inner{height:var(--container-widget-height,var(--spacer-size))}.e-con-inner>.elementor-widget-spacer.elementor-widget-empty,.e-con>.elementor-widget-spacer.elementor-widget-empty{position:relative;min-height:22px;min-width:22px}.e-con-inner>.elementor-widget-spacer.elementor-widget-empty .elementor-widget-empty-icon,.e-con>.elementor-widget-spacer.elementor-widget-empty .elementor-widget-empty-icon{position:absolute;top:0;bottom:0;left:0;right:0;margin:auto;padding:0;width:22px;height:22px}<\/style>\n<style>\/*! elementor-pro - v3.15.0 - 09-08-2023 *\/\n.elementor-widget-price-list .elementor-price-list{list-style:none;padding:0;margin:0}.elementor-widget-price-list .elementor-price-list li{margin:0}.elementor-price-list li:not(:last-child){margin-bottom:20px}.elementor-price-list .elementor-price-list-image{max-width:50%;flex-shrink:0;padding-right:25px}.elementor-price-list .elementor-price-list-image img{width:100%}.elementor-price-list .elementor-price-list-header,.elementor-price-list .elementor-price-list-item,.elementor-price-list .elementor-price-list-text{display:flex}.elementor-price-list .elementor-price-list-item{align-items:flex-start}.elementor-price-list .elementor-price-list-item .elementor-price-list-text{align-items:flex-start;flex-wrap:wrap;flex-grow:1}.elementor-price-list .elementor-price-list-item .elementor-price-list-header{align-items:center;flex-basis:100%;font-size:19px;font-weight:600;margin-bottom:10px;justify-content:space-between}.elementor-price-list .elementor-price-list-item .elementor-price-list-title{max-width:80%}.elementor-price-list .elementor-price-list-item .elementor-price-list-price{font-weight:600}.elementor-price-list .elementor-price-list-item p.elementor-price-list-description{flex-basis:100%;font-size:14px;margin:0}.elementor-price-list .elementor-price-list-item .elementor-price-list-separator{flex-grow:1;margin-left:10px;margin-right:10px;border-bottom-style:dotted;border-bottom-width:2px;height:0}.elementor-price-table{text-align:center}.elementor-price-table .elementor-price-table__header{background:var(--e-price-table-header-background-color,#555);padding:20px 0}.elementor-price-table .elementor-price-table__heading{margin:0;padding:0;line-height:1.2;font-size:24px;font-weight:600;color:#fff}.elementor-price-table .elementor-price-table__subheading{font-size:13px;font-weight:400;color:#fff}.elementor-price-table .elementor-price-table__original-price{margin-right:15px;text-decoration:line-through;font-size:.5em;line-height:1;font-weight:400;align-self:center}.elementor-price-table .elementor-price-table__original-price .elementor-price-table__currency{font-size:1em;margin:0}.elementor-price-table .elementor-price-table__price{display:flex;justify-content:center;align-items:center;flex-wrap:wrap;flex-direction:row;color:#555;font-weight:800;font-size:65px;padding:40px 0}.elementor-price-table .elementor-price-table__price .elementor-typo-excluded{line-height:normal;letter-spacing:normal;text-transform:none;font-weight:400;font-size:medium;font-style:normal}.elementor-price-table .elementor-price-table__after-price{display:flex;flex-wrap:wrap;text-align:start;align-self:stretch;align-items:flex-start;flex-direction:column}.elementor-price-table .elementor-price-table__integer-part{line-height:.8}.elementor-price-table .elementor-price-table__currency,.elementor-price-table .elementor-price-table__fractional-part{line-height:1;font-size:.3em}.elementor-price-table .elementor-price-table__currency{margin-right:3px}.elementor-price-table .elementor-price-table__period{width:100%;font-size:13px;font-weight:400}.elementor-price-table .elementor-price-table__features-list{list-style-type:none;margin:0;padding:0;line-height:1;color:var(--e-price-table-features-list-color)}.elementor-price-table .elementor-price-table__features-list li{font-size:14px;line-height:1;margin:0;padding:0}.elementor-price-table .elementor-price-table__features-list li .elementor-price-table__feature-inner{margin-left:15px;margin-right:15px}.elementor-price-table .elementor-price-table__features-list li:not(:first-child):before{content:\"\";display:block;border:0 solid hsla(0,0%,47.8%,.3);margin:10px 12.5%}.elementor-price-table .elementor-price-table__features-list i{margin-right:10px;font-size:1.3em}.elementor-price-table .elementor-price-table__features-list svg{margin-right:10px;fill:var(--e-price-table-features-list-color);height:1.3em;width:1.3em}.elementor-price-table .elementor-price-table__features-list svg~*{vertical-align:text-top}.elementor-price-table .elementor-price-table__footer{padding:30px 0}.elementor-price-table .elementor-price-table__additional_info{margin:0;font-size:13px;line-height:1.4}.elementor-price-table__ribbon{position:absolute;top:0;left:auto;right:0;transform:rotate(90deg);width:150px;overflow:hidden;height:150px}.elementor-price-table__ribbon-inner{text-align:center;left:0;width:200%;transform:translateY(-50%) translateX(-50%) translateX(35px) rotate(-45deg);margin-top:35px;font-size:13px;line-height:2;font-weight:800;text-transform:uppercase;background:#000}.elementor-price-table__ribbon.elementor-ribbon-left{transform:rotate(0);left:0;right:auto}.elementor-price-table__ribbon.elementor-ribbon-right{transform:rotate(90deg);left:auto;right:0}.elementor-widget-price-table .elementor-widget-container{overflow:hidden;background-color:#f9fafa}.e-con-inner>.elementor-widget-price-list,.e-con>.elementor-widget-price-list{width:var(--container-widget-width);--flex-grow:var(--container-widget-flex-grow)}<\/style>\n<h3>\n\t\t\t\t\t\tSilver\t\t\t\t\t\t<\/h3>\n<p>\t\t\t\t\t\t\tPackage<br \/>\n\t\t\t\t\t\t\t\t&#036;<br \/>\n\t\t\t\t\t\t29<br \/>\n\t\t\t\t\t\t\t\t\t\t\t\t\tMonthly\t\t\t\t\t\t\t\t\t\t\t<\/p>\n<ul>\n<li>\n\t\t\t\t\t\t\t\t\t\tSed consequat, leo eget bibendum sodales\n\t\t\t\t\t\t<\/li>\n<li>\n\t\t\t\t\t\t\t\t\t\t Phasellus consectetuer vestibulum elit.\n\t\t\t\t\t\t<\/li>\n<li>\n\t\t\t\t\t\t\t\t\t\tSuspendisse nisl elit, rhoncus eget, element.\n\t\t\t\t\t\t<\/li>\n<li>\n\t\t\t\t\t\t\t\t\t\tMorbi mollis tellus ac sapien.\n\t\t\t\t\t\t<\/li>\n<\/ul>\n<p>\t\t\t\t\t\t\t\t\t\t\t<a href=\"#\"><br \/>\n\t\t\t\t\t\t\tOrder Today\t\t\t\t\t\t<\/a><br \/>\n\t\t\t\t\t\t\t*Sed tortor arcu, finibus non lacinia et, dignissim nec sapien.\t\t\t\t\t\t<\/p>\n<h3>\n\t\t\t\t\t\tGolden\t\t\t\t\t\t<\/h3>\n<p>\t\t\t\t\t\t\tPackage<br \/>\n\t\t\t\t\t\t\t\t&#036;<br \/>\n\t\t\t\t\t\t20<br \/>\n\t\t\t\t\t\t\t\t\t\t\t\t\tMonthly\t\t\t\t\t\t\t\t\t\t\t<\/p>\n<ul>\n<li>\n\t\t\t\t\t\t\t\t\t\tSed consequat, leo eget bibendum sodales\n\t\t\t\t\t\t<\/li>\n<li>\n\t\t\t\t\t\t\t\t\t\t Phasellus consectetuer vestibulum elit.\n\t\t\t\t\t\t<\/li>\n<li>\n\t\t\t\t\t\t\t\t\t\tSuspendisse nisl elit, rhoncus eget, element.\n\t\t\t\t\t\t<\/li>\n<li>\n\t\t\t\t\t\t\t\t\t\tMorbi mollis tellus ac sapien.\n\t\t\t\t\t\t<\/li>\n<\/ul>\n<p>\t\t\t\t\t\t\t\t\t\t\t<a href=\"#\"><br \/>\n\t\t\t\t\t\t\tOrder Today\t\t\t\t\t\t<\/a><br \/>\n\t\t\t\t\t\t\t*Sed tortor arcu, finibus non lacinia et, dignissim nec sapien.<br \/>\n\t\t\t\t\tNew Deal!\t\t\t\t<\/p>\n<h3>\n\t\t\t\t\t\tBronze\t\t\t\t\t\t<\/h3>\n<p>\t\t\t\t\t\t\tPackage<br \/>\n\t\t\t\t\t\t\t\t&#036;<br \/>\n\t\t\t\t\t\t19<br \/>\n\t\t\t\t\t\t\t\t\t\t\t\t\tMonthly\t\t\t\t\t\t\t\t\t\t\t<\/p>\n<ul>\n<li>\n\t\t\t\t\t\t\t\t\t\tSed consequat, leo eget bibendum sodales\n\t\t\t\t\t\t<\/li>\n<li>\n\t\t\t\t\t\t\t\t\t\t Phasellus consectetuer vestibulum elit.\n\t\t\t\t\t\t<\/li>\n<li>\n\t\t\t\t\t\t\t\t\t\tSuspendisse nisl elit, rhoncus eget, element.\n\t\t\t\t\t\t<\/li>\n<li>\n\t\t\t\t\t\t\t\t\t\tMorbi mollis tellus ac sapien.\n\t\t\t\t\t\t<\/li>\n<\/ul>\n<p>\t\t\t\t\t\t\t\t\t\t\t<a href=\"#\"><br \/>\n\t\t\t\t\t\t\tOrder Today\t\t\t\t\t\t<\/a><\/p>\n","protected":false},"excerpt":{"rendered":"<p>IMPULSIONAndo SUAS REDES SOCIAIS INSTAGRAM CURTIDAS SEGUIDORES COMENT\u00c1RIOS VISUALIZA\u00c7\u00d5ES FACEBOOK Duis aute irure dolor in reprehenderit in voluptate velit YOUTUBE Duis aute irure dolor in reprehenderit in voluptate velit TIK TOK Duis aute irure dolor in reprehenderit in voluptate velit instagram Silver Package &#036; 29 Monthly Sed consequat, leo eget bibendum sodales Phasellus consectetuer vestibulum [&hellip;]<\/p>\n","protected":false},"author":1,"featured_media":0,"parent":0,"menu_order":0,"comment_status":"closed","ping_status":"closed","template":"elementor_header_footer","meta":{"footnotes":""},"class_list":["post-110","page","type-page","status-publish","hentry"],"_links":{"self":[{"href":"https:\/\/social.ilweb.com.br\/index.php\/wp-json\/wp\/v2\/pages\/110","targetHints":{"allow":["GET"]}}],"collection":[{"href":"https:\/\/social.ilweb.com.br\/index.php\/wp-json\/wp\/v2\/pages"}],"about":[{"href":"https:\/\/social.ilweb.com.br\/index.php\/wp-json\/wp\/v2\/types\/page"}],"author":[{"embeddable":true,"href":"https:\/\/social.ilweb.com.br\/index.php\/wp-json\/wp\/v2\/users\/1"}],"replies":[{"embeddable":true,"href":"https:\/\/social.ilweb.com.br\/index.php\/wp-json\/wp\/v2\/comments?post=110"}],"version-history":[{"count":35,"href":"https:\/\/social.ilweb.com.br\/index.php\/wp-json\/wp\/v2\/pages\/110\/revisions"}],"predecessor-version":[{"id":262,"href":"https:\/\/social.ilweb.com.br\/index.php\/wp-json\/wp\/v2\/pages\/110\/revisions\/262"}],"wp:attachment":[{"href":"https:\/\/social.ilweb.com.br\/index.php\/wp-json\/wp\/v2\/media?parent=110"}],"curies":[{"name":"wp","href":"https:\/\/api.w.org\/{rel}","templated":true}]}}