{"id":183,"date":"2023-09-24T20:18:31","date_gmt":"2023-09-24T20:18:31","guid":{"rendered":"https:\/\/social.ilweb.com.br\/?page_id=183"},"modified":"2023-09-29T15:30:48","modified_gmt":"2023-09-29T15:30:48","slug":"instagram","status":"publish","type":"page","link":"https:\/\/social.ilweb.com.br\/index.php\/instagram\/","title":{"rendered":"Insta"},"content":{"rendered":"<style>\/*! elementor - v3.16.0 - 20-09-2023 *\/\n.elementor-heading-title{padding:0;margin:0;line-height:1}.elementor-widget-heading .elementor-heading-title[class*=elementor-size-]>a{color:inherit;font-size:inherit;line-height:inherit}.elementor-widget-heading .elementor-heading-title.elementor-size-small{font-size:15px}.elementor-widget-heading .elementor-heading-title.elementor-size-medium{font-size:19px}.elementor-widget-heading .elementor-heading-title.elementor-size-large{font-size:29px}.elementor-widget-heading .elementor-heading-title.elementor-size-xl{font-size:39px}.elementor-widget-heading .elementor-heading-title.elementor-size-xxl{font-size:59px}<\/style>\n<h2>Comprar Seguidores no Instagram<\/h2>\n<p>Confira alguns de nossos pacotes de seguidores em Seguidores Brasil! Se voc\u00ea quer alavancar sua presen\u00e7a online, comprar seguidores reais \u00e9 a chave. Nosso site oferece pacotes customiz\u00e1veis que v\u00e3o impulsionar seu perfil com seguidores aut\u00eanticos e engajados. N\u00e3o perca tempo, escolha o pacote que se encaixa nas suas necessidades e d\u00ea um salto na sua presen\u00e7a digital ao comprar seguidores reais com a Seguidores Brasil.<\/p>\n<h2>SEGUIDORES NO INSTAGRAM<\/h2>\n<h3>\n\t\t\t\t\t\t\t\tR$ 19,90\t\t\t\t\t\t\t<\/h3>\n<p>\t\t\t\t\t\t\t\t500<br \/>\n\t\t\t\t\t\t\t\tSEGUIDORES REAIS BRASILEIROS\t\t\t\t\t\t\t<\/p>\n<ul>\n<li>\n\t\t\t\t\t\t\t\t\t\tSeguidores Brasileiros\n\t\t\t\t\t\t<\/li>\n<li>\n\t\t\t\t\t\t\t\t\t\tSistema Ant-Quedas\n\t\t\t\t\t\t<\/li>\n<li>\n\t\t\t\t\t\t\t\t\t\tEngajamento no Perfil\n\t\t\t\t\t\t<\/li>\n<li>\n\t\t\t\t\t\t\t\t\t\tSem Riscos de Bloqueio\n\t\t\t\t\t\t<\/li>\n<li>\n\t\t\t\t\t\t\t\t\t\tN\u00c3O Precisa Informar Senha\n\t\t\t\t\t\t<\/li>\n<\/ul>\n<p>\t\t\t\t\t\t\t\t\t\t\t\t\t\t\t\t\t\t<a href=\"#\"><br \/>\n\t\t\t\t\t\t\t\tIMPULSIONAR\t\t\t\t\t\t\t<\/a><\/p>\n<h3>\n\t\t\t\t\t\t\t\tR$ 29,90\t\t\t\t\t\t\t<\/h3>\n<p>\t\t\t\t\t\t\t\t1000<br \/>\n\t\t\t\t\t\t\t\tSEGUIDORES REAIS BRASILEIROS\t\t\t\t\t\t\t<\/p>\n<ul>\n<li>\n\t\t\t\t\t\t\t\t\t\tSeguidores Brasileiros\n\t\t\t\t\t\t<\/li>\n<li>\n\t\t\t\t\t\t\t\t\t\tSistema Ant-Quedas\n\t\t\t\t\t\t<\/li>\n<li>\n\t\t\t\t\t\t\t\t\t\tEngajamento no Perfil\n\t\t\t\t\t\t<\/li>\n<li>\n\t\t\t\t\t\t\t\t\t\tSem Riscos de Bloqueio\n\t\t\t\t\t\t<\/li>\n<li>\n\t\t\t\t\t\t\t\t\t\tN\u00c3O Precisa Informar Senha\n\t\t\t\t\t\t<\/li>\n<\/ul>\n<p>\t\t\t\t\t\t\t\t\t\t\t\t\t\t\t\t\t\t<a href=\"#\"><br \/>\n\t\t\t\t\t\t\t\tIMPULSIONAR\t\t\t\t\t\t\t<\/a><\/p>\n<h3>\n\t\t\t\t\t\t\t\tR$ 49,90\t\t\t\t\t\t\t<\/h3>\n<p>\t\t\t\t\t\t\t\t3000<br \/>\n\t\t\t\t\t\t\t\tSEGUIDORES REAIS BRASILEIROS\t\t\t\t\t\t\t<\/p>\n<ul>\n<li>\n\t\t\t\t\t\t\t\t\t\tSeguidores Brasileiros\n\t\t\t\t\t\t<\/li>\n<li>\n\t\t\t\t\t\t\t\t\t\tSistema Ant-Quedas\n\t\t\t\t\t\t<\/li>\n<li>\n\t\t\t\t\t\t\t\t\t\tEngajamento no Perfil\n\t\t\t\t\t\t<\/li>\n<li>\n\t\t\t\t\t\t\t\t\t\tSem Riscos de Bloqueio\n\t\t\t\t\t\t<\/li>\n<li>\n\t\t\t\t\t\t\t\t\t\tN\u00c3O Precisa Informar Senha\n\t\t\t\t\t\t<\/li>\n<\/ul>\n<p>\t\t\t\t\t\t\t\t\t\t\t\t\t\t\t\t\t\t<a href=\"#\"><br \/>\n\t\t\t\t\t\t\t\tIMPULSIONAR\t\t\t\t\t\t\t<\/a><\/p>\n<h3>\n\t\t\t\t\t\t\t\tR$ 99,90\t\t\t\t\t\t\t<\/h3>\n<p>\t\t\t\t\t\t\t\t10000<br \/>\n\t\t\t\t\t\t\t\tSEGUIDORES REAIS BRASILEIROS\t\t\t\t\t\t\t<\/p>\n<ul>\n<li>\n\t\t\t\t\t\t\t\t\t\tSeguidores Brasileiros\n\t\t\t\t\t\t<\/li>\n<li>\n\t\t\t\t\t\t\t\t\t\tSistema Ant-Quedas\n\t\t\t\t\t\t<\/li>\n<li>\n\t\t\t\t\t\t\t\t\t\tEngajamento no Perfil\n\t\t\t\t\t\t<\/li>\n<li>\n\t\t\t\t\t\t\t\t\t\tSem Riscos de Bloqueio\n\t\t\t\t\t\t<\/li>\n<li>\n\t\t\t\t\t\t\t\t\t\tN\u00c3O Precisa Informar Senha\n\t\t\t\t\t\t<\/li>\n<\/ul>\n<p>\t\t\t\t\t\t\t\t\t\t\t\t\t\t\t\t\t\t<a href=\"#\"><br \/>\n\t\t\t\t\t\t\t\tIMPULSIONAR\t\t\t\t\t\t\t<\/a><\/p>\n<h2>CURTIDAS NO INSTAGRAM<\/h2>\n<h3>\n\t\t\t\t\t\t\t\tR$ 19,90\t\t\t\t\t\t\t<\/h3>\n<p>\t\t\t\t\t\t\t\t500<br \/>\n\t\t\t\t\t\t\t\tSEGUIDORES REAIS BRASILEIROS\t\t\t\t\t\t\t<\/p>\n<ul>\n<li>\n\t\t\t\t\t\t\t\t\t\tSeguidores Brasileiros\n\t\t\t\t\t\t<\/li>\n<li>\n\t\t\t\t\t\t\t\t\t\tSistema Ant-Quedas\n\t\t\t\t\t\t<\/li>\n<li>\n\t\t\t\t\t\t\t\t\t\tEngajamento no Perfil\n\t\t\t\t\t\t<\/li>\n<li>\n\t\t\t\t\t\t\t\t\t\tSem Riscos de Bloqueio\n\t\t\t\t\t\t<\/li>\n<li>\n\t\t\t\t\t\t\t\t\t\tN\u00c3O Precisa Informar Senha\n\t\t\t\t\t\t<\/li>\n<\/ul>\n<p>\t\t\t\t\t\t\t\t\t\t\t\t\t\t\t\t\t\t<a href=\"#\"><br \/>\n\t\t\t\t\t\t\t\tIMPULSIONAR\t\t\t\t\t\t\t<\/a><\/p>\n<h3>\n\t\t\t\t\t\t\t\tR$ 29,90\t\t\t\t\t\t\t<\/h3>\n<p>\t\t\t\t\t\t\t\t1000<br \/>\n\t\t\t\t\t\t\t\tSEGUIDORES REAIS BRASILEIROS\t\t\t\t\t\t\t<\/p>\n<ul>\n<li>\n\t\t\t\t\t\t\t\t\t\tSeguidores Brasileiros\n\t\t\t\t\t\t<\/li>\n<li>\n\t\t\t\t\t\t\t\t\t\tSistema Ant-Quedas\n\t\t\t\t\t\t<\/li>\n<li>\n\t\t\t\t\t\t\t\t\t\tEngajamento no Perfil\n\t\t\t\t\t\t<\/li>\n<li>\n\t\t\t\t\t\t\t\t\t\tSem Riscos de Bloqueio\n\t\t\t\t\t\t<\/li>\n<li>\n\t\t\t\t\t\t\t\t\t\tN\u00c3O Precisa Informar Senha\n\t\t\t\t\t\t<\/li>\n<\/ul>\n<p>\t\t\t\t\t\t\t\t\t\t\t\t\t\t\t\t\t\t<a href=\"#\"><br \/>\n\t\t\t\t\t\t\t\tIMPULSIONAR\t\t\t\t\t\t\t<\/a><\/p>\n<h3>\n\t\t\t\t\t\t\t\tR$ 49,90\t\t\t\t\t\t\t<\/h3>\n<p>\t\t\t\t\t\t\t\t3000<br \/>\n\t\t\t\t\t\t\t\tSEGUIDORES REAIS BRASILEIROS\t\t\t\t\t\t\t<\/p>\n<ul>\n<li>\n\t\t\t\t\t\t\t\t\t\tSeguidores Brasileiros\n\t\t\t\t\t\t<\/li>\n<li>\n\t\t\t\t\t\t\t\t\t\tSistema Ant-Quedas\n\t\t\t\t\t\t<\/li>\n<li>\n\t\t\t\t\t\t\t\t\t\tEngajamento no Perfil\n\t\t\t\t\t\t<\/li>\n<li>\n\t\t\t\t\t\t\t\t\t\tSem Riscos de Bloqueio\n\t\t\t\t\t\t<\/li>\n<li>\n\t\t\t\t\t\t\t\t\t\tN\u00c3O Precisa Informar Senha\n\t\t\t\t\t\t<\/li>\n<\/ul>\n<p>\t\t\t\t\t\t\t\t\t\t\t\t\t\t\t\t\t\t<a href=\"#\"><br \/>\n\t\t\t\t\t\t\t\tIMPULSIONAR\t\t\t\t\t\t\t<\/a><\/p>\n<h3>\n\t\t\t\t\t\t\t\tR$ 99,90\t\t\t\t\t\t\t<\/h3>\n<p>\t\t\t\t\t\t\t\t10000<br \/>\n\t\t\t\t\t\t\t\tSEGUIDORES REAIS BRASILEIROS\t\t\t\t\t\t\t<\/p>\n<ul>\n<li>\n\t\t\t\t\t\t\t\t\t\tSeguidores Brasileiros\n\t\t\t\t\t\t<\/li>\n<li>\n\t\t\t\t\t\t\t\t\t\tSistema Ant-Quedas\n\t\t\t\t\t\t<\/li>\n<li>\n\t\t\t\t\t\t\t\t\t\tEngajamento no Perfil\n\t\t\t\t\t\t<\/li>\n<li>\n\t\t\t\t\t\t\t\t\t\tSem Riscos de Bloqueio\n\t\t\t\t\t\t<\/li>\n<li>\n\t\t\t\t\t\t\t\t\t\tN\u00c3O Precisa Informar Senha\n\t\t\t\t\t\t<\/li>\n<\/ul>\n<p>\t\t\t\t\t\t\t\t\t\t\t\t\t\t\t\t\t\t<a href=\"#\"><br \/>\n\t\t\t\t\t\t\t\tIMPULSIONAR\t\t\t\t\t\t\t<\/a><\/p>\n<h2>GANHE CURTIDAS<\/h2>\n<h5>A CADA DUAS COMPRAS GANHE CURTIDAS NO SEU PERFIL<\/h5>\n<p>\t\t\t<a href=\"#\"><br \/>\n\t\t\t\t\t\tMAIS INFORMA\u00c7\u00d5ES<br \/>\n\t\t\t\t\t<\/a><br \/>\n\t\t\t<a href=\"#\"><br \/>\n\t\t\t\t\t\tENTRE EM CONTATO<br \/>\n\t\t\t\t\t<\/a><\/p>\n","protected":false},"excerpt":{"rendered":"<p>Comprar Seguidores no Instagram Confira alguns de nossos pacotes de seguidores em Seguidores Brasil! Se voc\u00ea quer alavancar sua presen\u00e7a online, comprar seguidores reais \u00e9 a chave. Nosso site oferece pacotes customiz\u00e1veis que v\u00e3o impulsionar seu perfil com seguidores aut\u00eanticos e engajados. N\u00e3o perca tempo, escolha o pacote que se encaixa nas suas necessidades e [&hellip;]<\/p>\n","protected":false},"author":1,"featured_media":0,"parent":0,"menu_order":0,"comment_status":"closed","ping_status":"closed","template":"","meta":{"footnotes":""},"class_list":["post-183","page","type-page","status-publish","hentry"],"_links":{"self":[{"href":"https:\/\/social.ilweb.com.br\/index.php\/wp-json\/wp\/v2\/pages\/183","targetHints":{"allow":["GET"]}}],"collection":[{"href":"https:\/\/social.ilweb.com.br\/index.php\/wp-json\/wp\/v2\/pages"}],"about":[{"href":"https:\/\/social.ilweb.com.br\/index.php\/wp-json\/wp\/v2\/types\/page"}],"author":[{"embeddable":true,"href":"https:\/\/social.ilweb.com.br\/index.php\/wp-json\/wp\/v2\/users\/1"}],"replies":[{"embeddable":true,"href":"https:\/\/social.ilweb.com.br\/index.php\/wp-json\/wp\/v2\/comments?post=183"}],"version-history":[{"count":41,"href":"https:\/\/social.ilweb.com.br\/index.php\/wp-json\/wp\/v2\/pages\/183\/revisions"}],"predecessor-version":[{"id":335,"href":"https:\/\/social.ilweb.com.br\/index.php\/wp-json\/wp\/v2\/pages\/183\/revisions\/335"}],"wp:attachment":[{"href":"https:\/\/social.ilweb.com.br\/index.php\/wp-json\/wp\/v2\/media?parent=183"}],"curies":[{"name":"wp","href":"https:\/\/api.w.org\/{rel}","templated":true}]}}